{"id":45,"date":"2017-04-16T19:38:52","date_gmt":"2017-04-16T17:38:52","guid":{"rendered":"http:\/\/10.50.10.146\/wordpress\/?page_id=45"},"modified":"2025-10-05T13:46:20","modified_gmt":"2025-10-05T11:46:20","slug":"impressum","status":"publish","type":"page","link":"https:\/\/www.hsv-oberhavel.de\/index.php\/impressum\/","title":{"rendered":"Impressum"},"content":{"rendered":"<p><strong>Adresse:<\/strong><\/p>\n<p>HSV Oberhavel e.V.<br \/>\nBahnhofstra\u00dfe 35, 16556 Hohen Neuendorf OT Borgsdorf<\/p>\n<p><strong>Vertretungsberechtigter Vorstand:<\/strong><\/p>\n<div class=\"wp-block-column is-layout-flow wp-block-column-is-layout-flow\">\n<p><strong>1. Vorsitzender<\/strong><br \/>\nChristian Landgraf<\/p>\n<\/div>\n<div class=\"wp-block-column is-layout-flow wp-block-column-is-layout-flow\">\n<p><strong>2. Vorsitzende<\/strong><br \/>\nHeike Sabrautzki<\/p>\n<\/div>\n<div class=\"wp-block-column is-layout-flow wp-block-column-is-layout-flow\">\n<p><strong>Kassenwartin<\/strong><br \/>\nKatrin H\u00f6ning<\/p>\n<\/div>\n<p><strong>Redaktion:<\/strong><\/p>\n<p>Benjamin Sabrautzki, Marc Sabrautzki<\/p>\n<p><strong>Zus\u00e4tzliche Informationen:<\/strong><\/p>\n<p>Handballsportverein Oberhavel e.V.<br \/>\nEintragung im Vereinsregister unter Aktenzeichen: \u00a0\u00a0 VR 4155 NP\u00a0 lfd.Nr.2<br \/>\nSteuernummer\u00a0\u00a0 053\/142\/02467<\/p>\n<p><strong>Bankverbindung:<\/strong><\/p>\n<p>Mittelbrandenburgische Sparkasse<br \/>\nIBAN: DE69 1605 0000 1000 9650 11<\/p>\n<p><strong>Hinweise:<\/strong><\/p>\n<p>Die auf dieser Website zur Verf\u00fcgung gestellten Informationen wurden von uns mit gr\u00f6\u00dfter Sorgfalt erstellt, ausgew\u00e4hlt und \u00fcberpr\u00fcft. Jedoch geben wir keine Gew\u00e4hr auf Richtigkeit, Vollst\u00e4ndigkeit und Aktualit\u00e4t der Informationen. Wir \u00fcbernehmen ebenfalls keine Haftung f\u00fcr Informationen und Inhalte, die auf Seiten zur Verf\u00fcgung gestellt werden, auf die von uns durch Links (Hyperlinks) verwiesen wird. Die dort verbreiteten Informationen und Meinungen sind keinesfalls unsere, au\u00dfer es wird darauf hingewiesen, deswegen entziehen sich die dortigen Inhalte unserer Verantwortung.<\/p>\n<p>Beitr\u00e4ge und Bilder auf www.hsv-oberhavel.de und www.handball-hohenneuendorf.de sind Eigentum des HSV Oberhavel e.V. sowie ihrer Autoren und somit urheberrechtlich gesch\u00fctzt. Au\u00dferdem verweisen wir darauf, dass hier gezeigte Symbole, Marken, Markennamen, Markenlogos, Firmenlogos, Vereinslogos und sonstige gesch\u00fctzte Inhalte Eigentum ihrer Autoren bzw. jeweiligen Inhaber sind.<\/p>\n","protected":false},"excerpt":{"rendered":"<p>Adresse: HSV Oberhavel e.V. Bahnhofstra\u00dfe 35, 16556 Hohen Neuendorf OT Borgsdorf Vertretungsberechtigter Vorstand: 1. Vorsitzender Christian Landgraf 2. Vorsitzende Heike Sabrautzki Kassenwartin Katrin H\u00f6ning Redaktion: Benjamin Sabrautzki, Marc Sabrautzki Zus\u00e4tzliche Informationen: Handballsportverein Oberhavel e.V. Eintragung im Vereinsregister unter Aktenzeichen: \u00a0\u00a0 VR 4155 NP\u00a0 lfd.Nr.2 Steuernummer\u00a0\u00a0 053\/142\/02467 Bankverbindung: Mittelbrandenburgische Sparkasse IBAN: DE69 1605 0000 1000 9650 [&hellip;]<\/p>\n","protected":false},"author":1,"featured_media":0,"parent":0,"menu_order":0,"comment_status":"closed","ping_status":"closed","template":"","meta":{"footnotes":""},"class_list":["post-45","page","type-page","status-publish","hentry"],"_links":{"self":[{"href":"https:\/\/www.hsv-oberhavel.de\/index.php\/wp-json\/wp\/v2\/pages\/45","targetHints":{"allow":["GET"]}}],"collection":[{"href":"https:\/\/www.hsv-oberhavel.de\/index.php\/wp-json\/wp\/v2\/pages"}],"about":[{"href":"https:\/\/www.hsv-oberhavel.de\/index.php\/wp-json\/wp\/v2\/types\/page"}],"author":[{"embeddable":true,"href":"https:\/\/www.hsv-oberhavel.de\/index.php\/wp-json\/wp\/v2\/users\/1"}],"replies":[{"embeddable":true,"href":"https:\/\/www.hsv-oberhavel.de\/index.php\/wp-json\/wp\/v2\/comments?post=45"}],"version-history":[{"count":6,"href":"https:\/\/www.hsv-oberhavel.de\/index.php\/wp-json\/wp\/v2\/pages\/45\/revisions"}],"predecessor-version":[{"id":3621,"href":"https:\/\/www.hsv-oberhavel.de\/index.php\/wp-json\/wp\/v2\/pages\/45\/revisions\/3621"}],"wp:attachment":[{"href":"https:\/\/www.hsv-oberhavel.de\/index.php\/wp-json\/wp\/v2\/media?parent=45"}],"curies":[{"name":"wp","href":"https:\/\/api.w.org\/{rel}","templated":true}]}}